{"id":370,"date":"2019-03-21T08:52:16","date_gmt":"2019-03-21T08:52:16","guid":{"rendered":"http:\/\/martinschminke.de\/?page_id=370"},"modified":"2020-03-04T16:51:56","modified_gmt":"2020-03-04T15:51:56","slug":"klassikando-ensemble","status":"publish","type":"page","link":"https:\/\/martinschminke.de\/?page_id=370","title":{"rendered":"KlassiKando-Ensemble"},"content":{"rendered":"<p>[et_pb_section fb_built=&#8220;1&#8243; _builder_version=&#8220;3.22&#8243; custom_padding=&#8220;54px|0px|26px|0px&#8220;][et_pb_row _builder_version=&#8220;3.25&#8243; custom_padding=&#8220;68px|76px|0px|76px&#8220;][et_pb_column type=&#8220;4_4&#8243; _builder_version=&#8220;3.25&#8243; custom_padding=&#8220;|||&#8220; custom_padding__hover=&#8220;|||&#8220;][et_pb_text _builder_version=&#8220;4.3.3&#8243; hover_enabled=&#8220;0&#8243; custom_margin_last_edited=&#8220;on|tablet&#8220; custom_margin_phone=&#8220;-81px||||false|false&#8220; custom_margin_tablet=&#8220;-27px||||false|false&#8220;]<\/p>\n<p style=\"text-align: center;\"><span style=\"font-size: x-large;\"><span style=\"font-size: xx-large;\"><\/span><\/span><\/p>\n<p style=\"text-align: center;\"><span style=\"font-size: x-large;\"><span style=\"font-size: xx-large;\">&#8212;&#8212;&#8212;&#8212;&#8212;&#8212;&#8212;&#8212;&#8212;&#8212;&#8212;&#8212;&#8212;&#8212;&#8212;&#8212;&#8212;&#8212;&#8212;&#8212;&#8212;&#8212;&#8212;&#8212;<\/span><\/span><\/p>\n<p style=\"text-align: center;\"><span style=\"font-size: x-large;\"><span style=\"font-size: xx-large;\">UNSER AKTUELLES PROGRAMM<\/span><br \/> <\/span><\/p>\n<p style=\"text-align: center;\"><span style=\"font-size: x-large;\">mit der bezaubernden S\u00e4ngerin Romana Noack<\/span><\/p>\n<p style=\"text-align: center;\"><span style=\"font-size: x-large;\"><span style=\"font-size: xx-large;\">&#8212;&#8212;&#8212;&#8212;&#8212;&#8212;&#8212;&#8212;&#8212;&#8212;&#8212;&#8212;&#8212;&#8212;&#8212;&#8212;&#8212;&#8212;&#8212;&#8212;&#8212;&#8212;&#8212;&#8212;<\/span><\/span><\/p>\n<p>[\/et_pb_text][\/et_pb_column][\/et_pb_row][\/et_pb_section][et_pb_section fb_built=&#8220;1&#8243; _builder_version=&#8220;4.3.3&#8243;][et_pb_row _builder_version=&#8220;4.3.3&#8243;][et_pb_column type=&#8220;4_4&#8243; _builder_version=&#8220;4.3.3&#8243;][et_pb_video src=&#8220;https:\/\/youtu.be\/StkF77Vn0tg&#8220; _builder_version=&#8220;4.3.3&#8243;][\/et_pb_video][\/et_pb_column][\/et_pb_row][\/et_pb_section][et_pb_section fb_built=&#8220;1&#8243; _builder_version=&#8220;3.22&#8243; custom_padding=&#8220;0px|0px|54px|0px&#8220;][et_pb_row _builder_version=&#8220;3.25&#8243; custom_padding=&#8220;0px|0px|27px|0px&#8220;][et_pb_column type=&#8220;4_4&#8243; _builder_version=&#8220;3.25&#8243; custom_padding=&#8220;|||&#8220; custom_padding__hover=&#8220;|||&#8220;][et_pb_text _builder_version=&#8220;3.27.4&#8243;]<\/p>\n<p style=\"text-align: center;\"><span style=\"font-size: x-large;\"><strong><u>Liebe und Verlust<\/u><\/strong><\/span><\/p>\n<p style=\"text-align: center;\"><span style=\"font-size: x-large;\"><strong><u><\/u><\/strong><\/span><\/p>\n<p>&nbsp;<\/p>\n<p style=\"text-align: center;\"><span style=\"font-size: x-large;\">Arien und musikalische Kostbarkeiten <\/span><span style=\"font-size: x-large;\">im Kontext der Liebe<\/span><\/p>\n<p style=\"text-align: center;\"><span style=\"font-size: large;\">Romana Noack, Martin Schminke und das KlassiKando-Ensemble<\/span><\/p>\n<p style=\"text-align: center;\"><span style=\"font-size: medium;\">Ein besonderes Konzert mit begleitender Moderation<\/span><\/p>\n<p>&nbsp;<\/p>\n<p>Erleben Sie das ganze Kaleidoskop der Liebe, das Freude, Kummer, Leidenschaft, Eifersucht und unfreiwillige Komik hervorbringen kann.<\/p>\n<p>Die bezaubernde Sopranistin Romana Noack (1. Solistin an der Deutschen Oper am Rhein, D\u00fcsseldorf) und das KlassiKando-Ensemble um den renommierten Geiger Martin Schminke pr\u00e4sentieren Ihnen eine Auswahl der sch\u00f6nsten und bekanntesten weltlichen und geistlichen Arien. Die K\u00fcnstler spannen einen musikalischen Bogen von Bach, H\u00e4ndel, Mozart, Beethoven \u00fcber Korngold, Richard Strauss, Kurt Weill bis hin zu wunderbar arrangierten Orchesterst\u00fccken und schmissigen Tangomelodien.<\/p>\n<p>Unterst\u00fctzt werden sie dabei von einem wahren Grossmeister der Liebe, einem absoluten Experten: Johann Wolfgang von Goethe, dessen reicher Erfahrungsschatz in Liebesdingen unterhaltsam durch den Abend f\u00fchren wird.<\/p>\n<p>Das KlassiKando-Ensemble spielt Arrangements in kammermusikalischer, aber dennoch klangvoller Besetzung mit Violine, Bratsche, Cello, Klavier und Gesang.<\/p>\n<p>Die erotische Liebe (Carmen, Bizet) wird dabei ebenso thematisiert wie die Liebe zu Gott (Erbarme dich, Bach), die Liebe zum Kind (O mio babbino caro, Puccini), die Sehnsucht nach dem Paradies (Youkali, Kurt Weill), die Liebe zur Natur, grosse Liebesbekenntnisee und Treueschw\u00fcre (Ich liebe dich, Beethoven, An Chloe, Mozart) die Liebe zur Heimat (H\u00f6r ich Zymbalkl\u00e4nge, Lehar) und vieles anderes mehr.<\/p>\n<p>&nbsp;<\/p>\n<p>&nbsp;<\/p>\n<p>[\/et_pb_text][et_pb_video_slider _builder_version=&#8220;4.3.3&#8243; max_width_tablet=&#8220;&#8220; max_width_phone=&#8220;&#8220; max_width_last_edited=&#8220;on|desktop&#8220; module_alignment=&#8220;center&#8220; custom_padding=&#8220;|||&#8220;][et_pb_video_slider_item src=&#8220;https:\/\/youtu.be\/Ec9TwG5Z0l4&#8243; _builder_version=&#8220;3.0.75&#8243; background_layout=&#8220;light&#8220; show_image_overlay=&#8220;off&#8220;][\/et_pb_video_slider_item][et_pb_video_slider_item src=&#8220;https:\/\/youtu.be\/y6hOGyCr5ZA&#8220; _builder_version=&#8220;3.0.75&#8243; show_image_overlay=&#8220;off&#8220;][\/et_pb_video_slider_item][et_pb_video_slider_item src=&#8220;https:\/\/youtu.be\/w_l62uP7DqQ&#8220; _builder_version=&#8220;3.0.75&#8243; show_image_overlay=&#8220;off&#8220;][\/et_pb_video_slider_item][\/et_pb_video_slider][\/et_pb_column][\/et_pb_row][et_pb_row _builder_version=&#8220;4.3.3&#8243; module_alignment=&#8220;center&#8220; module_alignment_last_edited=&#8220;on|desktop&#8220; hover_enabled=&#8220;0&#8243;][et_pb_column _builder_version=&#8220;4.3.3&#8243; type=&#8220;4_4&#8243;][et_pb_button button_text=&#8220;Weitere Informationen \/ more informations&#8220; _builder_version=&#8220;4.3.3&#8243; button_url=&#8220;www.klassikando.de&#8220; hover_enabled=&#8220;0&#8243; button_alignment=&#8220;center&#8220; button_alignment_last_edited=&#8220;on|phone&#8220;][\/et_pb_button][\/et_pb_column][\/et_pb_row][\/et_pb_section]<\/p>\n","protected":false},"excerpt":{"rendered":"<p>&#8212;&#8212;&#8212;&#8212;&#8212;&#8212;&#8212;&#8212;&#8212;&#8212;&#8212;&#8212;&#8212;&#8212;&#8212;&#8212;&#8212;&#8212;&#8212;&#8212;&#8212;&#8212;&#8212;&#8212; UNSER AKTUELLES PROGRAMM mit der bezaubernden S\u00e4ngerin Romana Noack &#8212;&#8212;&#8212;&#8212;&#8212;&#8212;&#8212;&#8212;&#8212;&#8212;&#8212;&#8212;&#8212;&#8212;&#8212;&#8212;&#8212;&#8212;&#8212;&#8212;&#8212;&#8212;&#8212;&#8212; Liebe und Verlust &nbsp; Arien und musikalische Kostbarkeiten im Kontext der Liebe Romana Noack, Martin Schminke und das KlassiKando-Ensemble Ein besonderes Konzert mit begleitender Moderation &nbsp; Erleben Sie das ganze Kaleidoskop der Liebe, das Freude, Kummer, Leidenschaft, Eifersucht und unfreiwillige Komik hervorbringen kann. Die [&hellip;]<\/p>\n","protected":false},"author":1,"featured_media":0,"parent":0,"menu_order":0,"comment_status":"closed","ping_status":"closed","template":"","meta":{"_et_pb_use_builder":"on","_et_pb_old_content":"","_et_gb_content_width":"","footnotes":""},"class_list":["post-370","page","type-page","status-publish","hentry"],"_links":{"self":[{"href":"https:\/\/martinschminke.de\/index.php?rest_route=\/wp\/v2\/pages\/370","targetHints":{"allow":["GET"]}}],"collection":[{"href":"https:\/\/martinschminke.de\/index.php?rest_route=\/wp\/v2\/pages"}],"about":[{"href":"https:\/\/martinschminke.de\/index.php?rest_route=\/wp\/v2\/types\/page"}],"author":[{"embeddable":true,"href":"https:\/\/martinschminke.de\/index.php?rest_route=\/wp\/v2\/users\/1"}],"replies":[{"embeddable":true,"href":"https:\/\/martinschminke.de\/index.php?rest_route=%2Fwp%2Fv2%2Fcomments&post=370"}],"version-history":[{"count":48,"href":"https:\/\/martinschminke.de\/index.php?rest_route=\/wp\/v2\/pages\/370\/revisions"}],"predecessor-version":[{"id":464,"href":"https:\/\/martinschminke.de\/index.php?rest_route=\/wp\/v2\/pages\/370\/revisions\/464"}],"wp:attachment":[{"href":"https:\/\/martinschminke.de\/index.php?rest_route=%2Fwp%2Fv2%2Fmedia&parent=370"}],"curies":[{"name":"wp","href":"https:\/\/api.w.org\/{rel}","templated":true}]}}